{"id":442,"date":"2022-08-23T00:28:01","date_gmt":"2022-08-23T00:28:01","guid":{"rendered":"https:\/\/rapiven.wearenido.com\/?page_id=442"},"modified":"2022-08-30T15:58:48","modified_gmt":"2022-08-30T15:58:48","slug":"consentimiento-whatsapp","status":"publish","type":"page","link":"https:\/\/rapiven.wearenido.com\/index.php\/consentimiento-whatsapp\/","title":{"rendered":"Consentimiento Whatsapp"},"content":{"rendered":"\t\t<div data-elementor-type=\"wp-page\" data-elementor-id=\"442\" class=\"elementor elementor-442\">\n\t\t\t\t\t\t\t\t\t<section class=\"elementor-section elementor-top-section elementor-element elementor-element-6a0e69dd elementor-section-height-min-height elementor-section-content-middle elementor-section-boxed elementor-section-height-default elementor-section-items-middle\" data-id=\"6a0e69dd\" data-element_type=\"section\" data-settings=\"{&quot;background_background&quot;:&quot;classic&quot;}\">\n\t\t\t\t\t\t\t<div class=\"elementor-background-overlay\"><\/div>\n\t\t\t\t\t\t\t<div class=\"elementor-container elementor-column-gap-default\">\n\t\t\t\t\t<div class=\"elementor-column elementor-col-100 elementor-top-column elementor-element elementor-element-4b639c2c\" data-id=\"4b639c2c\" data-element_type=\"column\">\n\t\t\t<div class=\"elementor-widget-wrap elementor-element-populated\">\n\t\t\t\t\t\t\t\t<div class=\"elementor-element elementor-element-68729a15 elementor-widget elementor-widget-heading\" data-id=\"68729a15\" data-element_type=\"widget\" data-widget_type=\"heading.default\">\n\t\t\t\t<div class=\"elementor-widget-container\">\n\t\t\t<style>\/*! elementor - v3.7.3 - 29-08-2022 *\/\n.elementor-heading-title{padding:0;margin:0;line-height:1}.elementor-widget-heading .elementor-heading-title[class*=elementor-size-]>a{color:inherit;font-size:inherit;line-height:inherit}.elementor-widget-heading .elementor-heading-title.elementor-size-small{font-size:15px}.elementor-widget-heading .elementor-heading-title.elementor-size-medium{font-size:19px}.elementor-widget-heading .elementor-heading-title.elementor-size-large{font-size:29px}.elementor-widget-heading .elementor-heading-title.elementor-size-xl{font-size:39px}.elementor-widget-heading .elementor-heading-title.elementor-size-xxl{font-size:59px}<\/style><h5 class=\"elementor-heading-title elementor-size-default\">RAPIVEN\u00ae<\/h5>\t\t<\/div>\n\t\t\t\t<\/div>\n\t\t\t\t<div class=\"elementor-element elementor-element-4d35d255 elementor-widget elementor-widget-heading\" data-id=\"4d35d255\" data-element_type=\"widget\" data-widget_type=\"heading.default\">\n\t\t\t\t<div class=\"elementor-widget-container\">\n\t\t\t<h2 class=\"elementor-heading-title elementor-size-default\">Consentimiento Whatsapp<\/h2>\t\t<\/div>\n\t\t\t\t<\/div>\n\t\t\t\t\t<\/div>\n\t\t<\/div>\n\t\t\t\t\t\t\t<\/div>\n\t\t<\/section>\n\t\t\t\t<section class=\"elementor-section elementor-top-section elementor-element elementor-element-258b4ad elementor-section-boxed elementor-section-height-default elementor-section-height-default\" data-id=\"258b4ad\" data-element_type=\"section\" data-settings=\"{&quot;background_background&quot;:&quot;classic&quot;}\">\n\t\t\t\t\t\t<div class=\"elementor-container elementor-column-gap-default\">\n\t\t\t\t\t<div class=\"elementor-column elementor-col-100 elementor-top-column elementor-element elementor-element-4a2c6c6\" data-id=\"4a2c6c6\" data-element_type=\"column\">\n\t\t\t<div class=\"elementor-widget-wrap elementor-element-populated\">\n\t\t\t\t\t\t\t\t<div class=\"elementor-element elementor-element-d2c33ed elementor-widget elementor-widget-spacer\" data-id=\"d2c33ed\" data-element_type=\"widget\" data-widget_type=\"spacer.default\">\n\t\t\t\t<div class=\"elementor-widget-container\">\n\t\t\t<style>\/*! elementor - v3.7.3 - 29-08-2022 *\/\n.elementor-column .elementor-spacer-inner{height:var(--spacer-size)}.e-container{--container-widget-width:100%}.e-container>.elementor-widget-spacer{width:var(--container-widget-width,var(--spacer-size));-ms-flex-item-align:stretch;align-self:stretch;-ms-flex-negative:0;flex-shrink:0}.e-container>.elementor-widget-spacer>.elementor-widget-container,.e-container>.elementor-widget-spacer>.elementor-widget-container>.elementor-spacer{height:100%}.e-container>.elementor-widget-spacer>.elementor-widget-container>.elementor-spacer>.elementor-spacer-inner{height:var(--container-widget-height,var(--spacer-size))}<\/style>\t\t<div class=\"elementor-spacer\">\n\t\t\t<div class=\"elementor-spacer-inner\"><\/div>\n\t\t<\/div>\n\t\t\t\t<\/div>\n\t\t\t\t<\/div>\n\t\t\t\t<div class=\"elementor-element elementor-element-f01f713 elementor-widget elementor-widget-text-editor\" data-id=\"f01f713\" data-element_type=\"widget\" data-widget_type=\"text-editor.default\">\n\t\t\t\t<div class=\"elementor-widget-container\">\n\t\t\t<style>\/*! elementor - v3.7.3 - 29-08-2022 *\/\n.elementor-widget-text-editor.elementor-drop-cap-view-stacked .elementor-drop-cap{background-color:#818a91;color:#fff}.elementor-widget-text-editor.elementor-drop-cap-view-framed .elementor-drop-cap{color:#818a91;border:3px solid;background-color:transparent}.elementor-widget-text-editor:not(.elementor-drop-cap-view-default) .elementor-drop-cap{margin-top:8px}.elementor-widget-text-editor:not(.elementor-drop-cap-view-default) .elementor-drop-cap-letter{width:1em;height:1em}.elementor-widget-text-editor .elementor-drop-cap{float:left;text-align:center;line-height:1;font-size:50px}.elementor-widget-text-editor .elementor-drop-cap-letter{display:inline-block}<\/style>\t\t\t\t<p><strong>CONSENTIMIENTO PARA A\u00d1ADIR MIEMBROS A UN GRUPO DE MENSAJER\u00cdA INSTANT\u00c1NEA<\/strong><\/p><p>CONSENTIMIENTO PARA UTILIZAR CANAL DE COMUNICACI\u00d3N MENSAJERIA INSTANTANEA.<\/p><p>Conforme con lo dispuesto en el Reglamento (UE) 2016\/679, de 27 de abril (GDPR), y la Ley Org\u00e1nica 3\/2018, de 5 de diciembre (LOPDGDD), solicitamos su consentimiento para la utilizacion de este canal de comunicacion con Rapiven99, SL, con el \u00fanico fin de gestionarle los servicios contratados con nosotros o darle respuesta a las solicitudes remitidas por usted, por lo que se le facilita la siguiente informaci\u00f3n del tratamiento:<\/p><p>Se considerar\u00e1n que ha prestado su consentimeinto en el mismo en el momento de enviar un mensaje. DESTINATARIOS DE LOS DATOS: Su nombre, n\u00famero de tel\u00e9fono y conversaciones aportadas al grupo podr\u00e1n ser enviados a terceras empresas que sean necesarios para la ejecuci\u00f3n de los servicios que le prestamos, que como Vd., han dado su consentimiento para alcanzar dichos fines.<\/p><p>USO DE LOS DATOS: Queda terminantemente prohibido el uso de la informaci\u00f3n contenida en este medio para otros fines, inclusive la comunicaci\u00f3n a terceros no autorizados.<\/p><p>CONSERVACI\u00d3N DE DATOS: Mientras se mantenga este canal se podr\u00e1 guardar el hist\u00f3rico de conversaciones que sean necesarias para el fin descrito. Cuando se termine la relaci\u00f3n contractual con nosotros deber\u00e1 eliminar inmediatamente todas las conversaciones del mismo, excepto si se requiere su conservaci\u00f3n por una obligaci\u00f3n legal o para la leg\u00edtima defensa, en cuyo caso se deber\u00e1 bloquear toda la informaci\u00f3n y limitar su tratamiento en tanto que pudieran derivarse responsabilidades.<\/p><p>DERECHOS DEL USUARIO: Podr\u00e1 retirar este consentimiento en cualquier momento y ejercer los derechos de acceso, rectificaci\u00f3n, portabilidad, supresi\u00f3n, limitaci\u00f3n y oposici\u00f3n que prev\u00e9 el Reglamento comunic\u00e1ndolo al administrador del grupo mediante un mensaje privado. En todo caso, si considerase que el tratamiento de datos no se ajusta a la normativa vigente, siempre podr\u00e1 presentar una reclamaci\u00f3n ante la autoridad de control en www.aepd.es. Si consiente el tratamiento de sus datos en los t\u00e9rminos expuestos debe contestar este mensaje con el texto: S\u00cd ACEPTO<\/p>\t\t\t\t\t\t<\/div>\n\t\t\t\t<\/div>\n\t\t\t\t\t<\/div>\n\t\t<\/div>\n\t\t\t\t\t\t\t<\/div>\n\t\t<\/section>\n\t\t\t\t\t\t\t<\/div>\n\t\t","protected":false},"excerpt":{"rendered":"<p>RAPIVEN\u00ae Consentimiento Whatsapp CONSENTIMIENTO PARA A\u00d1ADIR MIEMBROS A UN GRUPO DE MENSAJER\u00cdA INSTANT\u00c1NEA CONSENTIMIENTO PARA UTILIZAR CANAL DE COMUNICACI\u00d3N MENSAJERIA INSTANTANEA. Conforme con lo dispuesto en el Reglamento (UE) 2016\/679, de 27 de abril (GDPR), y la Ley Org\u00e1nica 3\/2018, de 5 de diciembre (LOPDGDD), solicitamos su consentimiento para la utilizacion de este canal de &hellip;<\/p>\n<p class=\"read-more\"> <a class=\"\" href=\"https:\/\/rapiven.wearenido.com\/index.php\/consentimiento-whatsapp\/\"> <span class=\"screen-reader-text\">Consentimiento Whatsapp<\/span> Leer m\u00e1s &raquo;<\/a><\/p>\n","protected":false},"author":1,"featured_media":0,"parent":0,"menu_order":0,"comment_status":"closed","ping_status":"closed","template":"","meta":{"site-sidebar-layout":"no-sidebar","site-content-layout":"page-builder","ast-global-header-display":"","ast-main-header-display":"","ast-hfb-above-header-display":"","ast-hfb-below-header-display":"","ast-hfb-mobile-header-display":"","site-post-title":"disabled","ast-breadcrumbs-content":"","ast-featured-img":"disabled","footer-sml-layout":"","theme-transparent-header-meta":"","adv-header-id-meta":"","stick-header-meta":"","header-above-stick-meta":"","header-main-stick-meta":"","header-below-stick-meta":""},"_links":{"self":[{"href":"https:\/\/rapiven.wearenido.com\/index.php\/wp-json\/wp\/v2\/pages\/442"}],"collection":[{"href":"https:\/\/rapiven.wearenido.com\/index.php\/wp-json\/wp\/v2\/pages"}],"about":[{"href":"https:\/\/rapiven.wearenido.com\/index.php\/wp-json\/wp\/v2\/types\/page"}],"author":[{"embeddable":true,"href":"https:\/\/rapiven.wearenido.com\/index.php\/wp-json\/wp\/v2\/users\/1"}],"replies":[{"embeddable":true,"href":"https:\/\/rapiven.wearenido.com\/index.php\/wp-json\/wp\/v2\/comments?post=442"}],"version-history":[{"count":7,"href":"https:\/\/rapiven.wearenido.com\/index.php\/wp-json\/wp\/v2\/pages\/442\/revisions"}],"predecessor-version":[{"id":1482,"href":"https:\/\/rapiven.wearenido.com\/index.php\/wp-json\/wp\/v2\/pages\/442\/revisions\/1482"}],"wp:attachment":[{"href":"https:\/\/rapiven.wearenido.com\/index.php\/wp-json\/wp\/v2\/media?parent=442"}],"curies":[{"name":"wp","href":"https:\/\/api.w.org\/{rel}","templated":true}]}}